{"id":6,"date":"2026-05-10T19:52:04","date_gmt":"2026-05-10T19:52:04","guid":{"rendered":"https:\/\/universitas.sbs\/?page_id=6"},"modified":"2026-05-10T20:27:26","modified_gmt":"2026-05-10T20:27:26","slug":"fooldal","status":"publish","type":"page","link":"https:\/\/universitas.sbs\/","title":{"rendered":""},"content":{"rendered":"\n<div class=\"wp-block-columns is-layout-flex wp-container-core-columns-is-layout-28f84493 wp-block-columns-is-layout-flex\">\n<div class=\"wp-block-column is-layout-flow wp-block-column-is-layout-flow\">\n<figure class=\"wp-block-image size-large\"><img loading=\"lazy\" decoding=\"async\" width=\"1024\" height=\"1024\" src=\"https:\/\/universitas.sbs\/wp-content\/uploads\/2026\/05\/contra-1024x1024.jpg\" alt=\"\" class=\"wp-image-16\" srcset=\"https:\/\/universitas.sbs\/wp-content\/uploads\/2026\/05\/contra-1024x1024.jpg 1024w, https:\/\/universitas.sbs\/wp-content\/uploads\/2026\/05\/contra-300x300.jpg 300w, https:\/\/universitas.sbs\/wp-content\/uploads\/2026\/05\/contra-150x150.jpg 150w, https:\/\/universitas.sbs\/wp-content\/uploads\/2026\/05\/contra-768x768.jpg 768w, https:\/\/universitas.sbs\/wp-content\/uploads\/2026\/05\/contra.jpg 1280w\" sizes=\"auto, (max-width: 1024px) 100vw, 1024px\" \/><\/figure>\n<\/div>\n\n\n\n<div class=\"wp-block-column is-layout-flow wp-block-column-is-layout-flow\">\n<figure class=\"wp-block-image size-large\"><img loading=\"lazy\" decoding=\"async\" width=\"1024\" height=\"1024\" src=\"https:\/\/universitas.sbs\/wp-content\/uploads\/2026\/05\/somenights-1024x1024.jpg\" alt=\"\" class=\"wp-image-17\" srcset=\"https:\/\/universitas.sbs\/wp-content\/uploads\/2026\/05\/somenights-1024x1024.jpg 1024w, https:\/\/universitas.sbs\/wp-content\/uploads\/2026\/05\/somenights-300x300.jpg 300w, https:\/\/universitas.sbs\/wp-content\/uploads\/2026\/05\/somenights-150x150.jpg 150w, https:\/\/universitas.sbs\/wp-content\/uploads\/2026\/05\/somenights-768x768.jpg 768w, https:\/\/universitas.sbs\/wp-content\/uploads\/2026\/05\/somenights.jpg 1280w\" sizes=\"auto, (max-width: 1024px) 100vw, 1024px\" \/><\/figure>\n<\/div>\n\n\n\n<div class=\"wp-block-column is-layout-flow wp-block-column-is-layout-flow\">\n<figure class=\"wp-block-image size-large\"><img loading=\"lazy\" decoding=\"async\" width=\"1024\" height=\"1024\" src=\"https:\/\/universitas.sbs\/wp-content\/uploads\/2026\/05\/aimandignite-1024x1024.jpg\" alt=\"\" class=\"wp-image-18\" srcset=\"https:\/\/universitas.sbs\/wp-content\/uploads\/2026\/05\/aimandignite-1024x1024.jpg 1024w, https:\/\/universitas.sbs\/wp-content\/uploads\/2026\/05\/aimandignite-300x300.jpg 300w, https:\/\/universitas.sbs\/wp-content\/uploads\/2026\/05\/aimandignite-150x150.jpg 150w, https:\/\/universitas.sbs\/wp-content\/uploads\/2026\/05\/aimandignite-768x768.jpg 768w, https:\/\/universitas.sbs\/wp-content\/uploads\/2026\/05\/aimandignite.jpg 1280w\" sizes=\"auto, (max-width: 1024px) 100vw, 1024px\" \/><\/figure>\n<\/div>\n<\/div>\n\n\n\n<div class=\"wp-block-columns is-layout-flex wp-container-core-columns-is-layout-28f84493 wp-block-columns-is-layout-flex\">\n<div class=\"wp-block-column is-layout-flow wp-block-column-is-layout-flow\">\n<figure class=\"wp-block-image size-large\"><img loading=\"lazy\" decoding=\"async\" width=\"1024\" height=\"1024\" src=\"https:\/\/universitas.sbs\/wp-content\/uploads\/2026\/05\/Cherrypeel-1024x1024.jpg\" alt=\"\" class=\"wp-image-19\" srcset=\"https:\/\/universitas.sbs\/wp-content\/uploads\/2026\/05\/Cherrypeel-1024x1024.jpg 1024w, https:\/\/universitas.sbs\/wp-content\/uploads\/2026\/05\/Cherrypeel-300x300.jpg 300w, https:\/\/universitas.sbs\/wp-content\/uploads\/2026\/05\/Cherrypeel-150x150.jpg 150w, https:\/\/universitas.sbs\/wp-content\/uploads\/2026\/05\/Cherrypeel-768x768.jpg 768w, https:\/\/universitas.sbs\/wp-content\/uploads\/2026\/05\/Cherrypeel.jpg 1280w\" sizes=\"auto, (max-width: 1024px) 100vw, 1024px\" \/><\/figure>\n<\/div>\n\n\n\n<div class=\"wp-block-column is-layout-flow wp-block-column-is-layout-flow\">\n<figure class=\"wp-block-image size-large\"><img loading=\"lazy\" decoding=\"async\" width=\"1024\" height=\"1024\" src=\"https:\/\/universitas.sbs\/wp-content\/uploads\/2026\/05\/tellittothevolcano-1024x1024.jpg\" alt=\"\" class=\"wp-image-20\" srcset=\"https:\/\/universitas.sbs\/wp-content\/uploads\/2026\/05\/tellittothevolcano-1024x1024.jpg 1024w, https:\/\/universitas.sbs\/wp-content\/uploads\/2026\/05\/tellittothevolcano-300x300.jpg 300w, https:\/\/universitas.sbs\/wp-content\/uploads\/2026\/05\/tellittothevolcano-150x150.jpg 150w, https:\/\/universitas.sbs\/wp-content\/uploads\/2026\/05\/tellittothevolcano-768x768.jpg 768w, https:\/\/universitas.sbs\/wp-content\/uploads\/2026\/05\/tellittothevolcano.jpg 1280w\" sizes=\"auto, (max-width: 1024px) 100vw, 1024px\" \/><\/figure>\n<\/div>\n\n\n\n<div class=\"wp-block-column is-layout-flow wp-block-column-is-layout-flow\">\n<figure class=\"wp-block-image size-large\"><img loading=\"lazy\" decoding=\"async\" width=\"1024\" height=\"1024\" src=\"https:\/\/universitas.sbs\/wp-content\/uploads\/2026\/05\/voyeur-1024x1024.jpg\" alt=\"\" class=\"wp-image-21\" srcset=\"https:\/\/universitas.sbs\/wp-content\/uploads\/2026\/05\/voyeur-1024x1024.jpg 1024w, https:\/\/universitas.sbs\/wp-content\/uploads\/2026\/05\/voyeur-300x300.jpg 300w, https:\/\/universitas.sbs\/wp-content\/uploads\/2026\/05\/voyeur-150x150.jpg 150w, https:\/\/universitas.sbs\/wp-content\/uploads\/2026\/05\/voyeur-768x768.jpg 768w, https:\/\/universitas.sbs\/wp-content\/uploads\/2026\/05\/voyeur.jpg 1280w\" sizes=\"auto, (max-width: 1024px) 100vw, 1024px\" \/><\/figure>\n<\/div>\n<\/div>\n\n\n\n<div class=\"wp-block-columns is-layout-flex wp-container-core-columns-is-layout-28f84493 wp-block-columns-is-layout-flex\">\n<div class=\"wp-block-column is-layout-flow wp-block-column-is-layout-flow\">\n<figure class=\"wp-block-image size-large\"><img loading=\"lazy\" decoding=\"async\" width=\"1024\" height=\"1024\" src=\"https:\/\/universitas.sbs\/wp-content\/uploads\/2026\/05\/invtohers-1024x1024.jpg\" alt=\"\" class=\"wp-image-23\" srcset=\"https:\/\/universitas.sbs\/wp-content\/uploads\/2026\/05\/invtohers-1024x1024.jpg 1024w, https:\/\/universitas.sbs\/wp-content\/uploads\/2026\/05\/invtohers-300x300.jpg 300w, https:\/\/universitas.sbs\/wp-content\/uploads\/2026\/05\/invtohers-150x150.jpg 150w, https:\/\/universitas.sbs\/wp-content\/uploads\/2026\/05\/invtohers-768x768.jpg 768w, https:\/\/universitas.sbs\/wp-content\/uploads\/2026\/05\/invtohers.jpg 1280w\" sizes=\"auto, (max-width: 1024px) 100vw, 1024px\" \/><\/figure>\n<\/div>\n\n\n\n<div class=\"wp-block-column is-layout-flow wp-block-column-is-layout-flow\">\n<figure class=\"wp-block-image size-large\"><img loading=\"lazy\" decoding=\"async\" width=\"1024\" height=\"1024\" src=\"https:\/\/universitas.sbs\/wp-content\/uploads\/2026\/05\/favworstnm-1024x1024.jpg\" alt=\"\" class=\"wp-image-24\" srcset=\"https:\/\/universitas.sbs\/wp-content\/uploads\/2026\/05\/favworstnm-1024x1024.jpg 1024w, https:\/\/universitas.sbs\/wp-content\/uploads\/2026\/05\/favworstnm-300x300.jpg 300w, https:\/\/universitas.sbs\/wp-content\/uploads\/2026\/05\/favworstnm-150x150.jpg 150w, https:\/\/universitas.sbs\/wp-content\/uploads\/2026\/05\/favworstnm-768x768.jpg 768w, https:\/\/universitas.sbs\/wp-content\/uploads\/2026\/05\/favworstnm.jpg 1280w\" sizes=\"auto, (max-width: 1024px) 100vw, 1024px\" \/><\/figure>\n<\/div>\n\n\n\n<div class=\"wp-block-column is-layout-flow wp-block-column-is-layout-flow\">\n<figure class=\"wp-block-image size-large\"><img loading=\"lazy\" decoding=\"async\" width=\"1024\" height=\"1024\" src=\"https:\/\/universitas.sbs\/wp-content\/uploads\/2026\/05\/AM-1024x1024.jpg\" alt=\"\" class=\"wp-image-25\" srcset=\"https:\/\/universitas.sbs\/wp-content\/uploads\/2026\/05\/AM-1024x1024.jpg 1024w, https:\/\/universitas.sbs\/wp-content\/uploads\/2026\/05\/AM-300x300.jpg 300w, https:\/\/universitas.sbs\/wp-content\/uploads\/2026\/05\/AM-150x150.jpg 150w, https:\/\/universitas.sbs\/wp-content\/uploads\/2026\/05\/AM-768x768.jpg 768w, https:\/\/universitas.sbs\/wp-content\/uploads\/2026\/05\/AM.jpg 1280w\" sizes=\"auto, (max-width: 1024px) 100vw, 1024px\" \/><\/figure>\n<\/div>\n<\/div>\n\n\n\n<div class=\"wp-block-columns is-layout-flex wp-container-core-columns-is-layout-28f84493 wp-block-columns-is-layout-flex\">\n<div class=\"wp-block-column is-layout-flow wp-block-column-is-layout-flow\">\n<figure class=\"wp-block-video\"><video height=\"1280\" style=\"aspect-ratio: 1280 \/ 1280;\" width=\"1280\" autoplay controls src=\"https:\/\/universitas.sbs\/wp-content\/uploads\/2026\/05\/currents.mp4\"><\/video><\/figure>\n<\/div>\n\n\n\n<div class=\"wp-block-column is-layout-flow wp-block-column-is-layout-flow\">\n<figure class=\"wp-block-image size-large\"><img loading=\"lazy\" decoding=\"async\" width=\"1024\" height=\"1024\" src=\"https:\/\/universitas.sbs\/wp-content\/uploads\/2026\/05\/theslr-1024x1024.jpg\" alt=\"\" class=\"wp-image-28\" srcset=\"https:\/\/universitas.sbs\/wp-content\/uploads\/2026\/05\/theslr-1024x1024.jpg 1024w, https:\/\/universitas.sbs\/wp-content\/uploads\/2026\/05\/theslr-300x300.jpg 300w, https:\/\/universitas.sbs\/wp-content\/uploads\/2026\/05\/theslr-150x150.jpg 150w, https:\/\/universitas.sbs\/wp-content\/uploads\/2026\/05\/theslr-768x768.jpg 768w, https:\/\/universitas.sbs\/wp-content\/uploads\/2026\/05\/theslr.jpg 1280w\" sizes=\"auto, (max-width: 1024px) 100vw, 1024px\" \/><\/figure>\n<\/div>\n\n\n\n<div class=\"wp-block-column is-layout-flow wp-block-column-is-layout-flow\">\n<figure class=\"wp-block-image size-large\"><img loading=\"lazy\" decoding=\"async\" width=\"1024\" height=\"1024\" src=\"https:\/\/universitas.sbs\/wp-content\/uploads\/2026\/05\/Deadbeat-1024x1024.jpg\" alt=\"\" class=\"wp-image-29\" srcset=\"https:\/\/universitas.sbs\/wp-content\/uploads\/2026\/05\/Deadbeat-1024x1024.jpg 1024w, https:\/\/universitas.sbs\/wp-content\/uploads\/2026\/05\/Deadbeat-300x300.jpg 300w, https:\/\/universitas.sbs\/wp-content\/uploads\/2026\/05\/Deadbeat-150x150.jpg 150w, https:\/\/universitas.sbs\/wp-content\/uploads\/2026\/05\/Deadbeat-768x768.jpg 768w, https:\/\/universitas.sbs\/wp-content\/uploads\/2026\/05\/Deadbeat.jpg 1280w\" sizes=\"auto, (max-width: 1024px) 100vw, 1024px\" \/><\/figure>\n<\/div>\n<\/div>\n\n\n\n<div class=\"wp-block-columns is-layout-flex wp-container-core-columns-is-layout-28f84493 wp-block-columns-is-layout-flex\">\n<div class=\"wp-block-column is-layout-flow wp-block-column-is-layout-flow\">\n<figure class=\"wp-block-image size-large\"><img loading=\"lazy\" decoding=\"async\" width=\"1024\" height=\"1024\" src=\"https:\/\/universitas.sbs\/wp-content\/uploads\/2026\/05\/thenewabn-1024x1024.jpg\" alt=\"\" class=\"wp-image-30\" srcset=\"https:\/\/universitas.sbs\/wp-content\/uploads\/2026\/05\/thenewabn-1024x1024.jpg 1024w, https:\/\/universitas.sbs\/wp-content\/uploads\/2026\/05\/thenewabn-300x300.jpg 300w, https:\/\/universitas.sbs\/wp-content\/uploads\/2026\/05\/thenewabn-150x150.jpg 150w, https:\/\/universitas.sbs\/wp-content\/uploads\/2026\/05\/thenewabn-768x768.jpg 768w, https:\/\/universitas.sbs\/wp-content\/uploads\/2026\/05\/thenewabn.jpg 1280w\" sizes=\"auto, (max-width: 1024px) 100vw, 1024px\" \/><\/figure>\n<\/div>\n\n\n\n<div class=\"wp-block-column is-layout-flow wp-block-column-is-layout-flow\">\n<figure class=\"wp-block-image size-large\"><img loading=\"lazy\" decoding=\"async\" width=\"1024\" height=\"1024\" src=\"https:\/\/universitas.sbs\/wp-content\/uploads\/2026\/05\/elephantg-1024x1024.jpg\" alt=\"\" class=\"wp-image-31\" srcset=\"https:\/\/universitas.sbs\/wp-content\/uploads\/2026\/05\/elephantg-1024x1024.jpg 1024w, https:\/\/universitas.sbs\/wp-content\/uploads\/2026\/05\/elephantg-300x300.jpg 300w, https:\/\/universitas.sbs\/wp-content\/uploads\/2026\/05\/elephantg-150x150.jpg 150w, https:\/\/universitas.sbs\/wp-content\/uploads\/2026\/05\/elephantg-768x768.jpg 768w, https:\/\/universitas.sbs\/wp-content\/uploads\/2026\/05\/elephantg.jpg 1280w\" sizes=\"auto, (max-width: 1024px) 100vw, 1024px\" \/><\/figure>\n<\/div>\n\n\n\n<div class=\"wp-block-column is-layout-flow wp-block-column-is-layout-flow\">\n<figure class=\"wp-block-image size-large\"><img loading=\"lazy\" decoding=\"async\" width=\"1024\" height=\"1024\" src=\"https:\/\/universitas.sbs\/wp-content\/uploads\/2026\/05\/her-1024x1024.jpg\" alt=\"\" class=\"wp-image-32\" srcset=\"https:\/\/universitas.sbs\/wp-content\/uploads\/2026\/05\/her-1024x1024.jpg 1024w, https:\/\/universitas.sbs\/wp-content\/uploads\/2026\/05\/her-300x300.jpg 300w, https:\/\/universitas.sbs\/wp-content\/uploads\/2026\/05\/her-150x150.jpg 150w, https:\/\/universitas.sbs\/wp-content\/uploads\/2026\/05\/her-768x768.jpg 768w, https:\/\/universitas.sbs\/wp-content\/uploads\/2026\/05\/her.jpg 1280w\" sizes=\"auto, (max-width: 1024px) 100vw, 1024px\" \/><\/figure>\n<\/div>\n<\/div>\n\n\n\n<div class=\"wp-block-columns is-layout-flex wp-container-core-columns-is-layout-28f84493 wp-block-columns-is-layout-flex\">\n<div class=\"wp-block-column is-layout-flow wp-block-column-is-layout-flow\">\n<figure class=\"wp-block-image size-large\"><img loading=\"lazy\" decoding=\"async\" width=\"1024\" height=\"1024\" src=\"https:\/\/universitas.sbs\/wp-content\/uploads\/2026\/05\/theflycc-1024x1024.jpg\" alt=\"\" class=\"wp-image-33\" srcset=\"https:\/\/universitas.sbs\/wp-content\/uploads\/2026\/05\/theflycc-1024x1024.jpg 1024w, https:\/\/universitas.sbs\/wp-content\/uploads\/2026\/05\/theflycc-300x300.jpg 300w, https:\/\/universitas.sbs\/wp-content\/uploads\/2026\/05\/theflycc-150x150.jpg 150w, https:\/\/universitas.sbs\/wp-content\/uploads\/2026\/05\/theflycc-768x768.jpg 768w, https:\/\/universitas.sbs\/wp-content\/uploads\/2026\/05\/theflycc.jpg 1280w\" sizes=\"auto, (max-width: 1024px) 100vw, 1024px\" \/><\/figure>\n<\/div>\n\n\n\n<div class=\"wp-block-column is-layout-flow wp-block-column-is-layout-flow\">\n<figure class=\"wp-block-image size-large\"><img loading=\"lazy\" decoding=\"async\" width=\"1024\" height=\"1024\" src=\"https:\/\/universitas.sbs\/wp-content\/uploads\/2026\/05\/akissdressedhisc-1024x1024.jpg\" alt=\"\" class=\"wp-image-34\" srcset=\"https:\/\/universitas.sbs\/wp-content\/uploads\/2026\/05\/akissdressedhisc-1024x1024.jpg 1024w, https:\/\/universitas.sbs\/wp-content\/uploads\/2026\/05\/akissdressedhisc-300x300.jpg 300w, https:\/\/universitas.sbs\/wp-content\/uploads\/2026\/05\/akissdressedhisc-150x150.jpg 150w, https:\/\/universitas.sbs\/wp-content\/uploads\/2026\/05\/akissdressedhisc-768x768.jpg 768w, https:\/\/universitas.sbs\/wp-content\/uploads\/2026\/05\/akissdressedhisc.jpg 1280w\" sizes=\"auto, (max-width: 1024px) 100vw, 1024px\" \/><\/figure>\n<\/div>\n\n\n\n<div class=\"wp-block-column is-layout-flow wp-block-column-is-layout-flow\">\n<figure class=\"wp-block-image size-large\"><img loading=\"lazy\" decoding=\"async\" width=\"1024\" height=\"1024\" src=\"https:\/\/universitas.sbs\/wp-content\/uploads\/2026\/05\/bratanditscomp-1024x1024.jpg\" alt=\"\" class=\"wp-image-35\" srcset=\"https:\/\/universitas.sbs\/wp-content\/uploads\/2026\/05\/bratanditscomp-1024x1024.jpg 1024w, https:\/\/universitas.sbs\/wp-content\/uploads\/2026\/05\/bratanditscomp-300x300.jpg 300w, https:\/\/universitas.sbs\/wp-content\/uploads\/2026\/05\/bratanditscomp-150x150.jpg 150w, https:\/\/universitas.sbs\/wp-content\/uploads\/2026\/05\/bratanditscomp-768x768.jpg 768w, https:\/\/universitas.sbs\/wp-content\/uploads\/2026\/05\/bratanditscomp.jpg 1280w\" sizes=\"auto, (max-width: 1024px) 100vw, 1024px\" \/><\/figure>\n<\/div>\n<\/div>\n\n\n\n<p class=\"has-text-align-center\"><strong>Universitas Vagyonkezel\u0151 Kft.<\/strong><\/p>\n\n\n\n<p>contact: <a href=\"mailto:contact@universitas.sbs\">contact@universitas.sbs<\/a><\/p>\n\n\n\n<p>hosting \u00fcgyelet: <a href=\"mailto:hosting-sos@universitas.sbs\">hosting-sos@universitas.sbs<\/a><\/p>\n\n\n\n<p>megrendel\u00e9s: <a href=\"mailto:order@universitas.sbs\">order@universitas.sbs<\/a><\/p>\n\n\n\n<p><\/p>\n","protected":false},"excerpt":{"rendered":"<p>Universitas Vagyonkezel\u0151 Kft. contact: contact@universitas.sbs hosting \u00fcgyelet: hosting-sos@universitas.sbs megrendel\u00e9s: order@universitas.sbs<\/p>\n","protected":false},"author":1,"featured_media":0,"parent":0,"menu_order":0,"comment_status":"closed","ping_status":"closed","template":"","meta":{"footnotes":""},"class_list":["post-6","page","type-page","status-publish","hentry"],"_links":{"self":[{"href":"https:\/\/universitas.sbs\/index.php\/wp-json\/wp\/v2\/pages\/6","targetHints":{"allow":["GET"]}}],"collection":[{"href":"https:\/\/universitas.sbs\/index.php\/wp-json\/wp\/v2\/pages"}],"about":[{"href":"https:\/\/universitas.sbs\/index.php\/wp-json\/wp\/v2\/types\/page"}],"author":[{"embeddable":true,"href":"https:\/\/universitas.sbs\/index.php\/wp-json\/wp\/v2\/users\/1"}],"replies":[{"embeddable":true,"href":"https:\/\/universitas.sbs\/index.php\/wp-json\/wp\/v2\/comments?post=6"}],"version-history":[{"count":6,"href":"https:\/\/universitas.sbs\/index.php\/wp-json\/wp\/v2\/pages\/6\/revisions"}],"predecessor-version":[{"id":40,"href":"https:\/\/universitas.sbs\/index.php\/wp-json\/wp\/v2\/pages\/6\/revisions\/40"}],"wp:attachment":[{"href":"https:\/\/universitas.sbs\/index.php\/wp-json\/wp\/v2\/media?parent=6"}],"curies":[{"name":"wp","href":"https:\/\/api.w.org\/{rel}","templated":true}]}}